{"id":265,"date":"2024-02-09T22:31:40","date_gmt":"2024-02-10T03:31:40","guid":{"rendered":"https:\/\/3sticks.ca\/?post_type=product&#038;p=265"},"modified":"2024-12-28T20:19:14","modified_gmt":"2024-12-29T01:19:14","slug":"jerzees-hoodie","status":"publish","type":"product","link":"https:\/\/3sticks.ca\/fr\/produit\/jerzees-hoodie\/","title":{"rendered":"JERZEES Hoodie"},"content":{"rendered":"<ul>\n<li>Sweat \u00e0 capuche<\/li>\n<li>8 oz, pr\u00e9-r\u00e9tr\u00e9ci 50\/50 coton\/polyester<\/li>\n<li>Coupe classique<\/li>\n<\/ul>\n<p class=\"translation-block\">Si vous ne voyez pas la couleur souhait\u00e9e ici, envoyez-nous un message, nous serons heureux de la trouver pour vous.<\/p>","protected":false},"excerpt":{"rendered":"<p>Hooded sweatshirt 8 oz., pre-shrunk 50\/50 cotton\/polyester Classic Fit If you are not seeing the colour you want here, send us a message, we will be happy to find it for you.<\/p>","protected":false},"featured_media":275,"comment_status":"open","ping_status":"closed","template":"","meta":{"CBBTypography":[]},"product_brand":[],"product_cat":[41,21],"product_tag":[],"class_list":{"0":"post-265","1":"product","2":"type-product","3":"status-publish","4":"has-post-thumbnail","6":"product_cat-hoodies","7":"product_cat-men","9":"first","10":"instock","11":"taxable","12":"shipping-taxable","13":"purchasable","14":"product-type-variable"},"_links":{"self":[{"href":"https:\/\/3sticks.ca\/fr\/wp-json\/wp\/v2\/product\/265","targetHints":{"allow":["GET"]}}],"collection":[{"href":"https:\/\/3sticks.ca\/fr\/wp-json\/wp\/v2\/product"}],"about":[{"href":"https:\/\/3sticks.ca\/fr\/wp-json\/wp\/v2\/types\/product"}],"replies":[{"embeddable":true,"href":"https:\/\/3sticks.ca\/fr\/wp-json\/wp\/v2\/comments?post=265"}],"wp:featuredmedia":[{"embeddable":true,"href":"https:\/\/3sticks.ca\/fr\/wp-json\/wp\/v2\/media\/275"}],"wp:attachment":[{"href":"https:\/\/3sticks.ca\/fr\/wp-json\/wp\/v2\/media?parent=265"}],"wp:term":[{"taxonomy":"product_brand","embeddable":true,"href":"https:\/\/3sticks.ca\/fr\/wp-json\/wp\/v2\/product_brand?post=265"},{"taxonomy":"product_cat","embeddable":true,"href":"https:\/\/3sticks.ca\/fr\/wp-json\/wp\/v2\/product_cat?post=265"},{"taxonomy":"product_tag","embeddable":true,"href":"https:\/\/3sticks.ca\/fr\/wp-json\/wp\/v2\/product_tag?post=265"}],"curies":[{"name":"wp","href":"https:\/\/api.w.org\/{rel}","templated":true}]}}