{"id":188,"date":"2024-01-28T23:46:41","date_gmt":"2024-01-29T04:46:41","guid":{"rendered":"https:\/\/3sticks.ca\/?post_type=product&#038;p=188"},"modified":"2025-06-11T16:36:12","modified_gmt":"2025-06-11T20:36:12","slug":"gildan-hoodie","status":"publish","type":"product","link":"https:\/\/3sticks.ca\/fr\/produit\/gildan-hoodie\/","title":{"rendered":"GILDAN Hoodie"},"content":{"rendered":"<ul>\n<li>50 % coton\/50 % polyester pr\u00e9-r\u00e9tr\u00e9ci 13,5 oz<\/li>\n<li>Coupe classique<\/li>\n<li>Tricot polaire pr\u00e9-r\u00e9tr\u00e9ci<\/li>\n<\/ul>\n<p class=\"translation-block\">Si vous ne voyez pas la couleur souhait\u00e9e ici, envoyez-nous un message, nous serons heureux de la trouver pour vous.<\/p>","protected":false},"excerpt":{"rendered":"<p>50% Cotton\/50% polyester preshrunk 13.5 oz Classic Fit Preshrunk fleece knit If you are not seeing the colour you want here, send us a message, we will be happy to find it for you.<\/p>","protected":false},"featured_media":207,"comment_status":"open","ping_status":"closed","template":"","meta":{"CBBTypography":[]},"product_brand":[],"product_cat":[41,21],"product_tag":[],"class_list":{"0":"post-188","1":"product","2":"type-product","3":"status-publish","4":"has-post-thumbnail","6":"product_cat-hoodies","7":"product_cat-men","9":"first","10":"instock","11":"taxable","12":"shipping-taxable","13":"purchasable","14":"product-type-variable"},"_links":{"self":[{"href":"https:\/\/3sticks.ca\/fr\/wp-json\/wp\/v2\/product\/188","targetHints":{"allow":["GET"]}}],"collection":[{"href":"https:\/\/3sticks.ca\/fr\/wp-json\/wp\/v2\/product"}],"about":[{"href":"https:\/\/3sticks.ca\/fr\/wp-json\/wp\/v2\/types\/product"}],"replies":[{"embeddable":true,"href":"https:\/\/3sticks.ca\/fr\/wp-json\/wp\/v2\/comments?post=188"}],"wp:featuredmedia":[{"embeddable":true,"href":"https:\/\/3sticks.ca\/fr\/wp-json\/wp\/v2\/media\/207"}],"wp:attachment":[{"href":"https:\/\/3sticks.ca\/fr\/wp-json\/wp\/v2\/media?parent=188"}],"wp:term":[{"taxonomy":"product_brand","embeddable":true,"href":"https:\/\/3sticks.ca\/fr\/wp-json\/wp\/v2\/product_brand?post=188"},{"taxonomy":"product_cat","embeddable":true,"href":"https:\/\/3sticks.ca\/fr\/wp-json\/wp\/v2\/product_cat?post=188"},{"taxonomy":"product_tag","embeddable":true,"href":"https:\/\/3sticks.ca\/fr\/wp-json\/wp\/v2\/product_tag?post=188"}],"curies":[{"name":"wp","href":"https:\/\/api.w.org\/{rel}","templated":true}]}}