{"id":1686,"date":"2025-06-03T14:02:33","date_gmt":"2025-06-03T18:02:33","guid":{"rendered":"https:\/\/3sticks.ca\/?post_type=product&#038;p=1686"},"modified":"2025-06-03T14:08:35","modified_gmt":"2025-06-03T18:08:35","slug":"designing-fees-vectorization","status":"publish","type":"product","link":"https:\/\/3sticks.ca\/fr\/produit\/designing-fees-vectorization\/","title":{"rendered":"Services de Conception &amp; Vectorisation"},"content":{"rendered":"<p>Obtenez un fichier de haute qualit\u00e9 de votre conception pixelis\u00e9e, nous le vectorisons et le mettons \u00e0 l'\u00e9chelle aussi grand que vous le souhaitez avec une qualit\u00e9 nette et parfaite.<\/p>\n<ul>\n<li>Les prix d\u00e9pendent du travail \u00e0 effectuer sur votre conception avec un tarif minimum de 7 $.<\/li>\n<\/ul>","protected":false},"excerpt":{"rendered":"<p>Get a high quality file of your pixelated design, we vectorize and scale it as big as you wish with a crisp, perfect quality. Prices depends on the work that needs to be done with your design with a minimum fee of $7<\/p>","protected":false},"featured_media":1687,"comment_status":"open","ping_status":"closed","template":"","meta":{"CBBTypography":[]},"product_brand":[],"product_cat":[91],"product_tag":[],"class_list":{"0":"post-1686","1":"product","2":"type-product","3":"status-publish","4":"has-post-thumbnail","6":"product_cat-designing-services","8":"first","9":"instock","10":"taxable","11":"shipping-taxable","12":"purchasable","13":"product-type-simple"},"_links":{"self":[{"href":"https:\/\/3sticks.ca\/fr\/wp-json\/wp\/v2\/product\/1686","targetHints":{"allow":["GET"]}}],"collection":[{"href":"https:\/\/3sticks.ca\/fr\/wp-json\/wp\/v2\/product"}],"about":[{"href":"https:\/\/3sticks.ca\/fr\/wp-json\/wp\/v2\/types\/product"}],"replies":[{"embeddable":true,"href":"https:\/\/3sticks.ca\/fr\/wp-json\/wp\/v2\/comments?post=1686"}],"wp:featuredmedia":[{"embeddable":true,"href":"https:\/\/3sticks.ca\/fr\/wp-json\/wp\/v2\/media\/1687"}],"wp:attachment":[{"href":"https:\/\/3sticks.ca\/fr\/wp-json\/wp\/v2\/media?parent=1686"}],"wp:term":[{"taxonomy":"product_brand","embeddable":true,"href":"https:\/\/3sticks.ca\/fr\/wp-json\/wp\/v2\/product_brand?post=1686"},{"taxonomy":"product_cat","embeddable":true,"href":"https:\/\/3sticks.ca\/fr\/wp-json\/wp\/v2\/product_cat?post=1686"},{"taxonomy":"product_tag","embeddable":true,"href":"https:\/\/3sticks.ca\/fr\/wp-json\/wp\/v2\/product_tag?post=1686"}],"curies":[{"name":"wp","href":"https:\/\/api.w.org\/{rel}","templated":true}]}}