{"id":1682,"date":"2025-06-02T00:05:59","date_gmt":"2025-06-02T04:05:59","guid":{"rendered":"https:\/\/3sticks.ca\/?post_type=product&#038;p=1682"},"modified":"2025-06-02T00:07:46","modified_gmt":"2025-06-02T04:07:46","slug":"1682","status":"publish","type":"product","link":"https:\/\/3sticks.ca\/fr\/produit\/1682\/","title":{"rendered":"Banni\u00e8re R\u00e9tractable 24x78\""},"content":{"rendered":"<ul>\n<li>Imprim\u00e9 sur une maille lisse en polyester de 15 mil d'\u00e9paisseur<\/li>\n<li>Id\u00e9al pour les salles d'exposition, les \u00e9v\u00e9nements ou les march\u00e9s<\/li>\n<li>Banni\u00e8re de 24 de large sur 78 de long<\/li>\n<li>Tout inclus : support r\u00e9tractable, banni\u00e8re en maille imprim\u00e9e et sac de transport avec poign\u00e9es.<\/li>\n<\/ul>\n<p><strong>Apr\u00e8s avoir pass\u00e9 la commande, assurez-vous de nous envoyer votre conception en haute qualit\u00e9 (PDF, SVG, EPS, AI, PNG) avec une taille de 24Wx78H pouces par e-mail \u00e0 <em>service@3sticks.ca<\/em>.<\/strong><\/p>\n<p><strong> Notez que vos fichiers doivent \u00eatre cr\u00e9\u00e9s dans ce format, ce qui signifie que vous ne devez pas agrandir une image (PNG, JPEG) afin de conserver une qualit\u00e9 optimale, sauf si vous utilisez un format vectoriel. <\/strong><\/p>\n<p><strong>Nous pouvons \u00e9galement cr\u00e9er un design unique pour vous si n\u00e9cessaire.<\/strong><\/p>","protected":false},"excerpt":{"rendered":"<p>Printed on Polyester 15mil thick smooth mesh Perfect for Showrooms, event or markets 24 wide by 78 long banner All Included: Retractable stand, printed mesh banner and carrying bag with handles. After the order placed, Make sure to send us your design in high quality (PDF, SVG, EPS, AI, PNG) with a size of 24Wx78H [&hellip;]<\/p>\n","protected":false},"featured_media":1229,"comment_status":"open","ping_status":"closed","template":"","meta":{"CBBTypography":[]},"product_brand":[],"product_cat":[54],"product_tag":[],"class_list":{"0":"post-1682","1":"product","2":"type-product","3":"status-publish","4":"has-post-thumbnail","6":"product_cat-retractable-banners","8":"first","9":"instock","10":"taxable","11":"shipping-taxable","12":"purchasable","13":"product-type-simple"},"_links":{"self":[{"href":"https:\/\/3sticks.ca\/fr\/wp-json\/wp\/v2\/product\/1682","targetHints":{"allow":["GET"]}}],"collection":[{"href":"https:\/\/3sticks.ca\/fr\/wp-json\/wp\/v2\/product"}],"about":[{"href":"https:\/\/3sticks.ca\/fr\/wp-json\/wp\/v2\/types\/product"}],"replies":[{"embeddable":true,"href":"https:\/\/3sticks.ca\/fr\/wp-json\/wp\/v2\/comments?post=1682"}],"wp:featuredmedia":[{"embeddable":true,"href":"https:\/\/3sticks.ca\/fr\/wp-json\/wp\/v2\/media\/1229"}],"wp:attachment":[{"href":"https:\/\/3sticks.ca\/fr\/wp-json\/wp\/v2\/media?parent=1682"}],"wp:term":[{"taxonomy":"product_brand","embeddable":true,"href":"https:\/\/3sticks.ca\/fr\/wp-json\/wp\/v2\/product_brand?post=1682"},{"taxonomy":"product_cat","embeddable":true,"href":"https:\/\/3sticks.ca\/fr\/wp-json\/wp\/v2\/product_cat?post=1682"},{"taxonomy":"product_tag","embeddable":true,"href":"https:\/\/3sticks.ca\/fr\/wp-json\/wp\/v2\/product_tag?post=1682"}],"curies":[{"name":"wp","href":"https:\/\/api.w.org\/{rel}","templated":true}]}}