{"id":1366,"date":"2024-12-15T18:36:19","date_gmt":"2024-12-15T23:36:19","guid":{"rendered":"https:\/\/3sticks.ca\/?post_type=product&#038;p=1366"},"modified":"2025-01-20T16:18:21","modified_gmt":"2025-01-20T21:18:21","slug":"dtf-gang-sheet-builder","status":"publish","type":"product","link":"https:\/\/3sticks.ca\/fr\/produit\/dtf-gang-sheet-builder\/","title":{"rendered":"DTF - CONSTRUCTEUR DE FICHIERS"},"content":{"rendered":"<p><strong>ICI, VOUS POUVEZ CR\u00c9ER VOS FICHIERS DTF GROUP\u00c9S<br \/>\n<\/strong><\/p>\n<p>Vous souhaitez une impression de haute qualit\u00e9 ? Suivez ce guide :<\/p>\n<ul>\n<li>Les fichiers PNG sont les meilleurs.<\/li>\n<li>Assurez-vous que votre fichier n\u2019a pas d\u2019arri\u00e8re-plan.<\/li>\n<li>Vos fichiers PNG ont une r\u00e9solution minimale de 300 DPI.<\/li>\n<li>\u00a0Assurez-vous de charger des images originales et non des copies ou des fichiers modifi\u00e9s (de qualit\u00e9 inf\u00e9rieure).<\/li>\n<\/ul>","protected":false},"excerpt":{"rendered":"<p>T\u00e9l\u00e9charger seulement des fichiers <strong>PNG<\/strong> avec <strong>fond transparent<\/strong><\/p>\n<p><strong>Tous vos fichiers doivent d\u00e9j\u00e0 \u00eatre dans la taille correspondante de votre produit fini. <\/strong><\/p>\n<p><em>Vous souhaitez une impression de haute qualit\u00e9 ?<\/em><\/p>\n<p><em>Assurez-vous que la qualit\u00e9 de vos fichiers PNG est d'au moins 300 DPI ou chargez-les dans un PDF (vectoriel id\u00e9alement) avec un fond transparent. Cela garantira les meilleurs r\u00e9sultats !<\/em><\/p>\n<p>&nbsp;<\/p>\n<p><em>\u00a0<\/em><\/p>","protected":false},"featured_media":1374,"comment_status":"open","ping_status":"closed","template":"","meta":{"CBBTypography":[]},"product_brand":[],"product_cat":[67],"product_tag":[90],"class_list":{"0":"post-1366","1":"product","2":"type-product","3":"status-publish","4":"has-post-thumbnail","6":"product_cat-dtf","7":"product_tag-gang-sheet","9":"first","10":"instock","11":"taxable","12":"shipping-taxable","13":"purchasable","14":"product-type-variable","15":"has-default-attributes"},"_links":{"self":[{"href":"https:\/\/3sticks.ca\/fr\/wp-json\/wp\/v2\/product\/1366","targetHints":{"allow":["GET"]}}],"collection":[{"href":"https:\/\/3sticks.ca\/fr\/wp-json\/wp\/v2\/product"}],"about":[{"href":"https:\/\/3sticks.ca\/fr\/wp-json\/wp\/v2\/types\/product"}],"replies":[{"embeddable":true,"href":"https:\/\/3sticks.ca\/fr\/wp-json\/wp\/v2\/comments?post=1366"}],"wp:featuredmedia":[{"embeddable":true,"href":"https:\/\/3sticks.ca\/fr\/wp-json\/wp\/v2\/media\/1374"}],"wp:attachment":[{"href":"https:\/\/3sticks.ca\/fr\/wp-json\/wp\/v2\/media?parent=1366"}],"wp:term":[{"taxonomy":"product_brand","embeddable":true,"href":"https:\/\/3sticks.ca\/fr\/wp-json\/wp\/v2\/product_brand?post=1366"},{"taxonomy":"product_cat","embeddable":true,"href":"https:\/\/3sticks.ca\/fr\/wp-json\/wp\/v2\/product_cat?post=1366"},{"taxonomy":"product_tag","embeddable":true,"href":"https:\/\/3sticks.ca\/fr\/wp-json\/wp\/v2\/product_tag?post=1366"}],"curies":[{"name":"wp","href":"https:\/\/api.w.org\/{rel}","templated":true}]}}