{"id":746,"date":"2024-03-04T00:49:31","date_gmt":"2024-03-04T05:49:31","guid":{"rendered":"https:\/\/3sticks.ca\/?page_id=746"},"modified":"2024-03-04T02:38:16","modified_gmt":"2024-03-04T07:38:16","slug":"privacy-policy","status":"publish","type":"page","link":"https:\/\/3sticks.ca\/fr\/privacy-policy\/","title":{"rendered":"Politique de confidentialit\u00e9"},"content":{"rendered":"<h2 class=\"wp-block-heading\"><strong>Politique de confidentialit\u00e9<\/strong><\/h2>\n\n\n\n<p class=\"translation-block\">Nous attachons une grande importance \u00e0 la confidentialit\u00e9 de vos donn\u00e9es personnelles. Cette politique de confidentialit\u00e9 d\u00e9crit comment nous collectons, utilisons et partageons vos informations lorsque vous visitez notre site web <a href=\"https:\/\/3sticks.ca\/fr\/\" target=\"_self\">https:\/\/www.3sticks.ca<\/a> (\u201c3STICKS\u201d).Veuillez lire attentivement cette politique pour comprendre nos pratiques en mati\u00e8re de confidentialit\u00e9.<\/p>\n\n\n\n<p><strong>Collecte d'informations<\/strong><\/p>\n\n\n\n<p>Lorsque vous visitez notre Site, nous pouvons collecter des informations personnelles vous concernant, telles que votre nom, votre adresse e-mail et votre adresse IP. Nous pouvons \u00e9galement collecter des informations non personnelles, telles que le type de navigateur que vous utilisez et les pages que vous consultez sur notre Site.<\/p>\n\n\n\n<p><strong>Utilisation des Informations<\/strong><\/p>\n\n\n\n<p>Les informations que nous collectons sont utilis\u00e9es pour personnaliser votre exp\u00e9rience sur notre Site, r\u00e9pondre \u00e0 vos demandes, am\u00e9liorer nos produits et services, et vous envoyer des communications marketing si vous y avez consenti.<\/p>\n\n\n\n<p><strong>Partage d'Informations<\/strong><\/p>\n\n\n\n<p>Nous ne vendons pas, ne louons pas et ne partageons pas vos informations personnelles avec des tiers \u00e0 des fins de marketing. Cependant, nous pouvons partager vos informations avec des prestataires de services tiers qui nous aident \u00e0 exploiter notre Site et \u00e0 fournir nos services.<\/p>\n\n\n\n<p><strong>Cookies et Technologies Similaires<\/strong><\/p>\n\n\n\n<p>Nous utilisons des cookies et d'autres technologies similaires pour collecter des informations sur vos pr\u00e9f\u00e9rences et vos activit\u00e9s sur notre Site. Ces informations nous aident \u00e0 am\u00e9liorer votre exp\u00e9rience de navigation et \u00e0 personnaliser le contenu que nous vous montrons.<\/p>\n\n\n\n<p><strong>S\u00e9curit\u00e9 des Donn\u00e9es<\/strong><\/p>\n\n\n\n<p>La s\u00e9curit\u00e9 de vos  renseignements personnels est importante pour nous. Nous utilisons des  efforts commercialement raisonnables pour stocker et conserver vos  renseignements personnels dans un environnement s\u00e9curis\u00e9. Nous prenons  des mesures de s\u00e9curit\u00e9 techniques, contractuelles, administratives et  physiques con\u00e7ues pour prot\u00e9ger les renseignements personnels que vous  nous fournissez. Nous avons mis en place des proc\u00e9dures visant \u00e0 limiter  la diffusion de vos renseignements personnels aux seuls employ\u00e9s  d\u00e9sign\u00e9s qui sont raisonnablement n\u00e9cessaires pour r\u00e9aliser les  objectifs que nous vous avons communiqu\u00e9s.<\/p>\n\n\n\n<p>Vous \u00eates \u00e9galement  responsable d\u2019aider \u00e0 prot\u00e9ger la s\u00e9curit\u00e9 de vos renseignements  personnels. Par exemple, ne donnez jamais vos informations de compte de  messagerie ou votre mot de passe pour les Services \u00e0 des tiers.<\/p>\n\n\n\n<p><strong>Vos Choix<\/strong><\/p>\n\n\n\n<p>Vous avez le droit d'acc\u00e9der, de corriger, de mettre \u00e0 jour ou de supprimer vos informations personnelles. Vous pouvez \u00e9galement choisir de ne pas recevoir de communications marketing de notre part en ajustant vos pr\u00e9f\u00e9rences dans votre compte ou en suivant les instructions de d\u00e9sinscription incluses dans nos e-mails.<\/p>\n\n\n\n<p><strong>Modification de la Politique<\/strong><\/p>\n\n\n\n<p>Nous nous r\u00e9servons le droit de modifier cette politique de confidentialit\u00e9 \u00e0 tout moment. Si nous d\u00e9cidons de modifier cette politique de confidentialit\u00e9 \u00e0 l\u2019avenir, nous publierons un avis appropri\u00e9 sur la page d\u2019accueil. Toute modification non mat\u00e9rielle (telle que les clarifications) de la pr\u00e9sente politique de confidentialit\u00e9 entrera en vigueur \u00e0 la date de publication du changement et tout changement important entrera en vigueur 30 jours apr\u00e8s leur affichage sur le site Web. Sauf indication contraire, notre politique de confidentialit\u00e9 actuelle s\u2019applique \u00e0 tous les renseignements personnels que nous avons sur vous. La date \u00e0 laquelle la derni\u00e8re mise \u00e0 jour a \u00e9t\u00e9 effectu\u00e9e est indiqu\u00e9e au bas de ce document. Nous vous recommandons d\u2019imprimer une copie de cette politique de confidentialit\u00e9 pour votre r\u00e9f\u00e9rence et de revoir cette politique de temps \u00e0 autre afin de vous assurer que vous \u00eates au courant de tout changement. Votre utilisation continue du site Web signifie que vous acceptez les changements.<\/p>\n\n\n\n<p>Si vous avez des questions concernant cette politique de confidentialit\u00e9, veuillez nous contacter \u00e0 l'adresse suivante\u00a0: <a href=\"mailto:service@3sticks.ca\">service@3sticks.ca<\/a>.<\/p>\n\n\n\n<p>Derni\u00e8re modification\u00a0: 2024-03-04<\/p>","protected":false},"excerpt":{"rendered":"<p>Privacy Policy We value the confidentiality of your personal data. This privacy policy describes how we collect, use, and share your information when you visit our website https:\/\/www.3sticks.ca (&#8220;3STICKS&#8221;). Please carefully read this policy to understand our privacy practices. Information Collection When you visit our Site, we may collect personal information about you, such as [&hellip;]<\/p>\n","protected":false},"author":1,"featured_media":0,"parent":0,"menu_order":0,"comment_status":"closed","ping_status":"closed","template":"","meta":{"CBBTypography":[],"footnotes":""},"class_list":["post-746","page","type-page","status-publish","hentry"],"blocksy_meta":[],"_links":{"self":[{"href":"https:\/\/3sticks.ca\/fr\/wp-json\/wp\/v2\/pages\/746","targetHints":{"allow":["GET"]}}],"collection":[{"href":"https:\/\/3sticks.ca\/fr\/wp-json\/wp\/v2\/pages"}],"about":[{"href":"https:\/\/3sticks.ca\/fr\/wp-json\/wp\/v2\/types\/page"}],"author":[{"embeddable":true,"href":"https:\/\/3sticks.ca\/fr\/wp-json\/wp\/v2\/users\/1"}],"replies":[{"embeddable":true,"href":"https:\/\/3sticks.ca\/fr\/wp-json\/wp\/v2\/comments?post=746"}],"version-history":[{"count":6,"href":"https:\/\/3sticks.ca\/fr\/wp-json\/wp\/v2\/pages\/746\/revisions"}],"predecessor-version":[{"id":813,"href":"https:\/\/3sticks.ca\/fr\/wp-json\/wp\/v2\/pages\/746\/revisions\/813"}],"wp:attachment":[{"href":"https:\/\/3sticks.ca\/fr\/wp-json\/wp\/v2\/media?parent=746"}],"curies":[{"name":"wp","href":"https:\/\/api.w.org\/{rel}","templated":true}]}}