{"id":66,"date":"2024-01-11T22:12:25","date_gmt":"2024-01-11T22:12:25","guid":{"rendered":"https:\/\/3sticks.ca\/?page_id=66"},"modified":"2025-12-01T15:17:04","modified_gmt":"2025-12-01T20:17:04","slug":"home","status":"publish","type":"page","link":"https:\/\/3sticks.ca\/fr\/","title":{"rendered":"Accueil"},"content":{"rendered":"<div class=\"wp-block-cover has-parallax\" style=\"min-height:655px;aspect-ratio:unset;\"><div class=\"wp-block-cover__image-background wp-image-1783 has-parallax\" style=\"background-position:50% 50%;background-image:url(https:\/\/3sticks.ca\/wp-content\/uploads\/2025\/11\/FIRST-PAGE-PICTURE-1-1-scaled.jpg)\"><\/div><span aria-hidden=\"true\" class=\"wp-block-cover__background has-background-dim-0 has-background-dim\" style=\"background-color:#363433\"><\/span><div class=\"wp-block-cover__inner-container is-layout-constrained wp-block-cover-is-layout-constrained\">\n<p class=\"has-text-align-center\" style=\"font-size:clamp(38.253px, 2.391rem + ((1vw - 3.2px) * 2.558), 71px);line-height:1\"><strong>Impression personnalis\u00e9e \u00e0 Coteau-du-Lac. <\/strong><\/p>\n\n\n\n<p class=\"has-text-align-center has-palette-color-1-color has-text-color has-link-color wp-elements-7f3b96b6ce24233765b9463e7e47001c\" style=\"font-size:13px;line-height:0\"><strong>Mont\u00e9r\u00e9gie-Ouest, pr\u00e8s de Vaudreuil-Dorion<\/strong><\/p>\n\n\n\n<p><\/p>\n\n\n\n<p class=\"has-text-align-center has-large-font-size\">3STICKS est votre imprimerie locale passionn\u00e9e. Nous transformons vos id\u00e9es en impressions sur mesure percutantes pour votre entreprise, votre marque ou vos projets personnels.<\/p>\n<\/div><\/div>\n\n\n\n<h1 class=\"wp-block-heading has-text-align-center\" style=\"border-style:none;border-width:0px;border-radius:0px;margin-top:0;margin-right:0;margin-bottom:0;margin-left:0;font-size:clamp(27.42px, 1.714rem + ((1vw - 3.2px) * 1.53), 47px);line-height:1.1\">Nos Services: <\/h1>\n\n\n\n<p class=\"has-text-align-center\" style=\"font-size:clamp(17.371px, 1.086rem + ((1vw - 3.2px) * 0.752), 27px);line-height:1.8\">Des solutions cr\u00e9atives et professionnelles pour tous vos projets d&#8217;impression.<br><\/p>\n\n\n\n<figure class=\"wp-block-gallery alignfull has-nested-images columns-4 is-cropped wp-block-gallery-1 is-layout-flex wp-block-gallery-is-layout-flex\" style=\"border-style:none;border-width:0px;border-radius:0px\">\n<figure class=\"wp-block-image size-large has-custom-border\" style=\"margin-top:0;margin-right:0;margin-bottom:0;margin-left:0\"><a href=\"https:\/\/3sticks.ca\/fr\/shop\/?v=32570e940329\"><img loading=\"lazy\" decoding=\"async\" width=\"819\" height=\"1024\" data-id=\"1339\" src=\"https:\/\/3sticks.ca\/wp-content\/uploads\/2024\/12\/469035964_17921011413006333_2901668278633523684_n-819x1024.jpg\" alt=\"\" class=\"wp-image-1339\" style=\"border-style:none;border-width:0px;border-radius:25px\" srcset=\"https:\/\/3sticks.ca\/wp-content\/uploads\/2024\/12\/469035964_17921011413006333_2901668278633523684_n-819x1024.jpg 819w, https:\/\/3sticks.ca\/wp-content\/uploads\/2024\/12\/469035964_17921011413006333_2901668278633523684_n-240x300.jpg 240w, https:\/\/3sticks.ca\/wp-content\/uploads\/2024\/12\/469035964_17921011413006333_2901668278633523684_n-768x960.jpg 768w, https:\/\/3sticks.ca\/wp-content\/uploads\/2024\/12\/469035964_17921011413006333_2901668278633523684_n-1229x1536.jpg 1229w, https:\/\/3sticks.ca\/wp-content\/uploads\/2024\/12\/469035964_17921011413006333_2901668278633523684_n-10x12.jpg 10w, https:\/\/3sticks.ca\/wp-content\/uploads\/2024\/12\/469035964_17921011413006333_2901668278633523684_n-300x375.jpg 300w, https:\/\/3sticks.ca\/wp-content\/uploads\/2024\/12\/469035964_17921011413006333_2901668278633523684_n-19x24.jpg 19w, https:\/\/3sticks.ca\/wp-content\/uploads\/2024\/12\/469035964_17921011413006333_2901668278633523684_n-29x36.jpg 29w, https:\/\/3sticks.ca\/wp-content\/uploads\/2024\/12\/469035964_17921011413006333_2901668278633523684_n-38x48.jpg 38w, https:\/\/3sticks.ca\/wp-content\/uploads\/2024\/12\/469035964_17921011413006333_2901668278633523684_n-800x1000.jpg 800w, https:\/\/3sticks.ca\/wp-content\/uploads\/2024\/12\/469035964_17921011413006333_2901668278633523684_n.jpg 1440w\" sizes=\"auto, (max-width: 819px) 100vw, 819px\" \/><\/a><figcaption class=\"wp-element-caption\"><strong><mark style=\"background-color:rgba(0, 0, 0, 0)\" class=\"has-inline-color has-palette-color-4-color\"><a href=\"https:\/\/3sticks.ca\/fr\/how-to-customize\/\" data-type=\"page\" data-id=\"1195\">PERSONNALISATION V\u00caTEMENTS<\/a><\/mark><\/strong><\/figcaption><\/figure>\n\n\n\n<figure class=\"wp-block-image size-full has-custom-border is-style-default\" style=\"margin-top:0;margin-right:0;margin-bottom:0;margin-left:0\"><a href=\"https:\/\/3sticks.ca\/fr\/produit\/dtf-gang-sheet-builder\/?v=32570e940329\"><img loading=\"lazy\" decoding=\"async\" width=\"768\" height=\"960\" data-id=\"1314\" src=\"https:\/\/3sticks.ca\/wp-content\/uploads\/2024\/12\/469675786_908571251466230_2765103358099562875_n-1.jpg\" alt=\"\" class=\"wp-image-1314\" style=\"border-style:none;border-width:0px;border-radius:25px\" srcset=\"https:\/\/3sticks.ca\/wp-content\/uploads\/2024\/12\/469675786_908571251466230_2765103358099562875_n-1.jpg 768w, https:\/\/3sticks.ca\/wp-content\/uploads\/2024\/12\/469675786_908571251466230_2765103358099562875_n-1-240x300.jpg 240w, https:\/\/3sticks.ca\/wp-content\/uploads\/2024\/12\/469675786_908571251466230_2765103358099562875_n-1-10x12.jpg 10w, https:\/\/3sticks.ca\/wp-content\/uploads\/2024\/12\/469675786_908571251466230_2765103358099562875_n-1-300x375.jpg 300w, https:\/\/3sticks.ca\/wp-content\/uploads\/2024\/12\/469675786_908571251466230_2765103358099562875_n-1-19x24.jpg 19w, https:\/\/3sticks.ca\/wp-content\/uploads\/2024\/12\/469675786_908571251466230_2765103358099562875_n-1-29x36.jpg 29w, https:\/\/3sticks.ca\/wp-content\/uploads\/2024\/12\/469675786_908571251466230_2765103358099562875_n-1-38x48.jpg 38w\" sizes=\"auto, (max-width: 768px) 100vw, 768px\" \/><\/a><figcaption class=\"wp-element-caption\"><a href=\"https:\/\/3sticks.ca\/fr\/produit\/dtf-gang-sheet-builder\/?v=32570e940329\"><strong>FEUILLES DTF<\/strong><\/a><\/figcaption><\/figure>\n\n\n\n<figure class=\"wp-block-image size-large has-custom-border is-style-core-image-variation-tQySNlat_X\" style=\"margin-top:0;margin-right:0;margin-bottom:0;margin-left:0\"><a href=\"https:\/\/3sticks.ca\/fr\/produit\/uv-dtf-upload-your-own-gang-sheet\/?v=32570e940329\"><img loading=\"lazy\" decoding=\"async\" width=\"1024\" height=\"1024\" data-id=\"1628\" src=\"https:\/\/3sticks.ca\/wp-content\/uploads\/2025\/03\/474846412_17927338581006333_9039181126819663863_n-1024x1024.jpg\" alt=\"\" class=\"wp-image-1628\" style=\"border-style:none;border-width:0px;border-radius:25px\" srcset=\"https:\/\/3sticks.ca\/wp-content\/uploads\/2025\/03\/474846412_17927338581006333_9039181126819663863_n-1024x1024.jpg 1024w, https:\/\/3sticks.ca\/wp-content\/uploads\/2025\/03\/474846412_17927338581006333_9039181126819663863_n-300x300.jpg 300w, https:\/\/3sticks.ca\/wp-content\/uploads\/2025\/03\/474846412_17927338581006333_9039181126819663863_n-150x150.jpg 150w, https:\/\/3sticks.ca\/wp-content\/uploads\/2025\/03\/474846412_17927338581006333_9039181126819663863_n-768x768.jpg 768w, https:\/\/3sticks.ca\/wp-content\/uploads\/2025\/03\/474846412_17927338581006333_9039181126819663863_n-12x12.jpg 12w, https:\/\/3sticks.ca\/wp-content\/uploads\/2025\/03\/474846412_17927338581006333_9039181126819663863_n-24x24.jpg 24w, https:\/\/3sticks.ca\/wp-content\/uploads\/2025\/03\/474846412_17927338581006333_9039181126819663863_n-36x36.jpg 36w, https:\/\/3sticks.ca\/wp-content\/uploads\/2025\/03\/474846412_17927338581006333_9039181126819663863_n-48x48.jpg 48w, https:\/\/3sticks.ca\/wp-content\/uploads\/2025\/03\/474846412_17927338581006333_9039181126819663863_n-800x800.jpg 800w, https:\/\/3sticks.ca\/wp-content\/uploads\/2025\/03\/474846412_17927338581006333_9039181126819663863_n-100x100.jpg 100w, https:\/\/3sticks.ca\/wp-content\/uploads\/2025\/03\/474846412_17927338581006333_9039181126819663863_n.jpg 1440w\" sizes=\"auto, (max-width: 1024px) 100vw, 1024px\" \/><\/a><figcaption class=\"wp-element-caption\"><a href=\"https:\/\/3sticks.ca\/fr\/produit\/uv-dtf-upload-your-own-gang-sheet\/?v=32570e940329\"><strong>UV- DTF<\/strong><\/a><\/figcaption><\/figure>\n\n\n\n<figure class=\"wp-block-image size-thumbnail has-custom-border\" style=\"margin-top:0;margin-right:0;margin-bottom:0;margin-left:0\"><img loading=\"lazy\" decoding=\"async\" width=\"150\" height=\"150\" data-id=\"1866\" src=\"https:\/\/3sticks.ca\/wp-content\/uploads\/2025\/11\/SIGNAGE-DISPLAY-1-150x150.jpg\" alt=\"\" class=\"wp-image-1866\" style=\"border-style:none;border-width:0px;border-radius:25px\" srcset=\"https:\/\/3sticks.ca\/wp-content\/uploads\/2025\/11\/SIGNAGE-DISPLAY-1-150x150.jpg 150w, https:\/\/3sticks.ca\/wp-content\/uploads\/2025\/11\/SIGNAGE-DISPLAY-1-300x300.jpg 300w, https:\/\/3sticks.ca\/wp-content\/uploads\/2025\/11\/SIGNAGE-DISPLAY-1-1024x1024.jpg 1024w, https:\/\/3sticks.ca\/wp-content\/uploads\/2025\/11\/SIGNAGE-DISPLAY-1-768x768.jpg 768w, https:\/\/3sticks.ca\/wp-content\/uploads\/2025\/11\/SIGNAGE-DISPLAY-1-12x12.jpg 12w, https:\/\/3sticks.ca\/wp-content\/uploads\/2025\/11\/SIGNAGE-DISPLAY-1-24x24.jpg 24w, https:\/\/3sticks.ca\/wp-content\/uploads\/2025\/11\/SIGNAGE-DISPLAY-1-36x36.jpg 36w, https:\/\/3sticks.ca\/wp-content\/uploads\/2025\/11\/SIGNAGE-DISPLAY-1-48x48.jpg 48w, https:\/\/3sticks.ca\/wp-content\/uploads\/2025\/11\/SIGNAGE-DISPLAY-1-800x800.jpg 800w, https:\/\/3sticks.ca\/wp-content\/uploads\/2025\/11\/SIGNAGE-DISPLAY-1-100x100.jpg 100w, https:\/\/3sticks.ca\/wp-content\/uploads\/2025\/11\/SIGNAGE-DISPLAY-1.jpg 1440w\" sizes=\"auto, (max-width: 150px) 100vw, 150px\" \/><figcaption class=\"wp-element-caption\"><mark style=\"background-color:rgba(0, 0, 0, 0)\" class=\"has-inline-color has-palette-color-4-color\"><a href=\"https:\/\/3sticks.ca\/fr\/get-your-quote-now\/?v=32570e940329\"><strong>SIGNAGE &amp; DISPLAY<\/strong><\/a><\/mark><\/figcaption><\/figure>\n\n\n\n<figure class=\"wp-block-image size-large has-custom-border is-style-default\" style=\"margin-top:0;margin-right:0;margin-bottom:0;margin-left:0\"><img loading=\"lazy\" decoding=\"async\" width=\"1024\" height=\"768\" data-id=\"1853\" src=\"https:\/\/3sticks.ca\/wp-content\/uploads\/2025\/11\/VEHICLE-LETTERING-1-1024x768.jpg\" alt=\"\" class=\"wp-image-1853\" style=\"border-style:none;border-width:0px;border-radius:25px\" srcset=\"https:\/\/3sticks.ca\/wp-content\/uploads\/2025\/11\/VEHICLE-LETTERING-1-1024x768.jpg 1024w, https:\/\/3sticks.ca\/wp-content\/uploads\/2025\/11\/VEHICLE-LETTERING-1-300x225.jpg 300w, https:\/\/3sticks.ca\/wp-content\/uploads\/2025\/11\/VEHICLE-LETTERING-1-768x576.jpg 768w, https:\/\/3sticks.ca\/wp-content\/uploads\/2025\/11\/VEHICLE-LETTERING-1-16x12.jpg 16w, https:\/\/3sticks.ca\/wp-content\/uploads\/2025\/11\/VEHICLE-LETTERING-1-24x18.jpg 24w, https:\/\/3sticks.ca\/wp-content\/uploads\/2025\/11\/VEHICLE-LETTERING-1-36x27.jpg 36w, https:\/\/3sticks.ca\/wp-content\/uploads\/2025\/11\/VEHICLE-LETTERING-1-48x36.jpg 48w, https:\/\/3sticks.ca\/wp-content\/uploads\/2025\/11\/VEHICLE-LETTERING-1-800x600.jpg 800w, https:\/\/3sticks.ca\/wp-content\/uploads\/2025\/11\/VEHICLE-LETTERING-1.jpg 1440w\" sizes=\"auto, (max-width: 1024px) 100vw, 1024px\" \/><figcaption class=\"wp-element-caption\"><mark style=\"background-color:rgba(0, 0, 0, 0)\" class=\"has-inline-color has-palette-color-4-color\"><a href=\"https:\/\/3sticks.ca\/fr\/get-your-quote-now\/?v=32570e940329\"><strong>VEHICLE LETTERING<\/strong><\/a><\/mark><\/figcaption><\/figure>\n\n\n\n<figure class=\"wp-block-image size-full has-custom-border\" style=\"margin-top:0;margin-right:0;margin-bottom:0;margin-left:0\"><img loading=\"lazy\" decoding=\"async\" width=\"768\" height=\"960\" data-id=\"1856\" src=\"https:\/\/3sticks.ca\/wp-content\/uploads\/2025\/11\/PROMOTIONAL-ITEMS-1.jpg\" alt=\"\" class=\"wp-image-1856\" style=\"border-style:none;border-width:0px;border-radius:25px\" srcset=\"https:\/\/3sticks.ca\/wp-content\/uploads\/2025\/11\/PROMOTIONAL-ITEMS-1.jpg 768w, https:\/\/3sticks.ca\/wp-content\/uploads\/2025\/11\/PROMOTIONAL-ITEMS-1-240x300.jpg 240w, https:\/\/3sticks.ca\/wp-content\/uploads\/2025\/11\/PROMOTIONAL-ITEMS-1-10x12.jpg 10w, https:\/\/3sticks.ca\/wp-content\/uploads\/2025\/11\/PROMOTIONAL-ITEMS-1-300x375.jpg 300w, https:\/\/3sticks.ca\/wp-content\/uploads\/2025\/11\/PROMOTIONAL-ITEMS-1-19x24.jpg 19w, https:\/\/3sticks.ca\/wp-content\/uploads\/2025\/11\/PROMOTIONAL-ITEMS-1-29x36.jpg 29w, https:\/\/3sticks.ca\/wp-content\/uploads\/2025\/11\/PROMOTIONAL-ITEMS-1-38x48.jpg 38w\" sizes=\"auto, (max-width: 768px) 100vw, 768px\" \/><figcaption class=\"wp-element-caption\"><mark style=\"background-color:rgba(0, 0, 0, 0)\" class=\"has-inline-color has-palette-color-4-color\"><a href=\"https:\/\/3sticks.ca\/fr\/get-your-quote-now\/?v=32570e940329\"><strong>PROMOTIONAL ITEMS<\/strong><\/a><\/mark><\/figcaption><\/figure>\n\n\n\n<figure class=\"wp-block-image size-large has-custom-border\" style=\"margin-top:0;margin-right:0;margin-bottom:0;margin-left:0\"><img loading=\"lazy\" decoding=\"async\" width=\"1024\" height=\"683\" data-id=\"1858\" src=\"https:\/\/3sticks.ca\/wp-content\/uploads\/2025\/11\/3D-PRINTER-1-1024x683.jpg\" alt=\"\" class=\"wp-image-1858\" style=\"border-style:none;border-width:0px;border-radius:25px\" srcset=\"https:\/\/3sticks.ca\/wp-content\/uploads\/2025\/11\/3D-PRINTER-1-1024x683.jpg 1024w, https:\/\/3sticks.ca\/wp-content\/uploads\/2025\/11\/3D-PRINTER-1-300x200.jpg 300w, https:\/\/3sticks.ca\/wp-content\/uploads\/2025\/11\/3D-PRINTER-1-768x512.jpg 768w, https:\/\/3sticks.ca\/wp-content\/uploads\/2025\/11\/3D-PRINTER-1-1536x1024.jpg 1536w, https:\/\/3sticks.ca\/wp-content\/uploads\/2025\/11\/3D-PRINTER-1-2048x1365.jpg 2048w, https:\/\/3sticks.ca\/wp-content\/uploads\/2025\/11\/3D-PRINTER-1-18x12.jpg 18w, https:\/\/3sticks.ca\/wp-content\/uploads\/2025\/11\/3D-PRINTER-1-24x16.jpg 24w, https:\/\/3sticks.ca\/wp-content\/uploads\/2025\/11\/3D-PRINTER-1-36x24.jpg 36w, https:\/\/3sticks.ca\/wp-content\/uploads\/2025\/11\/3D-PRINTER-1-48x32.jpg 48w, https:\/\/3sticks.ca\/wp-content\/uploads\/2025\/11\/3D-PRINTER-1-800x533.jpg 800w\" sizes=\"auto, (max-width: 1024px) 100vw, 1024px\" \/><figcaption class=\"wp-element-caption\"><mark style=\"background-color:rgba(0, 0, 0, 0)\" class=\"has-inline-color has-palette-color-4-color\"><a href=\"https:\/\/3sticks.ca\/fr\/get-your-quote-now\/?v=32570e940329\"><strong>3D PRINTING &amp; LASER ENGRAVING<\/strong><\/a><\/mark> <\/figcaption><\/figure>\n\n\n\n<figure class=\"wp-block-image size-large has-custom-border\" style=\"margin-top:0;margin-right:0;margin-bottom:0;margin-left:0\"><a href=\"https:\/\/3sticks.ca\/fr\/produit\/custom-stickers\/\"><img loading=\"lazy\" decoding=\"async\" width=\"1024\" height=\"1024\" data-id=\"1864\" src=\"https:\/\/3sticks.ca\/wp-content\/uploads\/2025\/11\/CUSTOM-STICKER-1-1024x1024.jpg\" alt=\"\" class=\"wp-image-1864\" style=\"border-style:none;border-width:0px;border-radius:25px\" srcset=\"https:\/\/3sticks.ca\/wp-content\/uploads\/2025\/11\/CUSTOM-STICKER-1-1024x1024.jpg 1024w, https:\/\/3sticks.ca\/wp-content\/uploads\/2025\/11\/CUSTOM-STICKER-1-300x300.jpg 300w, https:\/\/3sticks.ca\/wp-content\/uploads\/2025\/11\/CUSTOM-STICKER-1-150x150.jpg 150w, https:\/\/3sticks.ca\/wp-content\/uploads\/2025\/11\/CUSTOM-STICKER-1-768x768.jpg 768w, https:\/\/3sticks.ca\/wp-content\/uploads\/2025\/11\/CUSTOM-STICKER-1-12x12.jpg 12w, https:\/\/3sticks.ca\/wp-content\/uploads\/2025\/11\/CUSTOM-STICKER-1-24x24.jpg 24w, https:\/\/3sticks.ca\/wp-content\/uploads\/2025\/11\/CUSTOM-STICKER-1-36x36.jpg 36w, https:\/\/3sticks.ca\/wp-content\/uploads\/2025\/11\/CUSTOM-STICKER-1-48x48.jpg 48w, https:\/\/3sticks.ca\/wp-content\/uploads\/2025\/11\/CUSTOM-STICKER-1-800x800.jpg 800w, https:\/\/3sticks.ca\/wp-content\/uploads\/2025\/11\/CUSTOM-STICKER-1-100x100.jpg 100w, https:\/\/3sticks.ca\/wp-content\/uploads\/2025\/11\/CUSTOM-STICKER-1.jpg 1440w\" sizes=\"auto, (max-width: 1024px) 100vw, 1024px\" \/><\/a><figcaption class=\"wp-element-caption\"><mark style=\"background-color:rgba(0, 0, 0, 0)\" class=\"has-inline-color has-palette-color-4-color\"><a href=\"https:\/\/3sticks.ca\/fr\/produit\/custom-stickers\/\"><strong>CUSTOM STICKERS<\/strong><\/a><\/mark><\/figcaption><\/figure>\n<\/figure>\n\n\n\n<div class=\"wp-block-buttons alignfull has-custom-font-size has-medium-font-size is-horizontal is-content-justification-center is-layout-flex wp-container-core-buttons-is-layout-c204c233 wp-block-buttons-is-layout-flex\" style=\"margin-top:0;margin-bottom:0;padding-top:var(--wp--preset--spacing--50);padding-bottom:var(--wp--preset--spacing--50)\">\n<div class=\"wp-block-button is-style-fill\"><a class=\"wp-block-button__link has-custom-font-size wp-element-button\" href=\"https:\/\/3sticks.ca\/fr\/get-your-quote-now\/\" style=\"border-style:none;border-width:0px;font-size:clamp(20px, 1.25rem + ((1vw - 3.2px) * 0.938), 32px);\">OBTENEZ UN DEVIS<\/a><\/div>\n<\/div>\n\n\n\n<div class=\"wp-block-group is-layout-constrained wp-block-group-is-layout-constrained\">\n<div class=\"wp-block-columns is-layout-flex wp-container-core-columns-is-layout-28f84493 wp-block-columns-is-layout-flex\">\n<div class=\"wp-block-column is-layout-flow wp-block-column-is-layout-flow\" style=\"flex-basis:100%\"><\/div>\n<\/div>\n<\/div>\n\n\n\n<div class=\"wp-block-media-text is-stacked-on-mobile\" style=\"grid-template-columns:58% auto\"><figure class=\"wp-block-media-text__media\"><img loading=\"lazy\" decoding=\"async\" width=\"1024\" height=\"683\" src=\"https:\/\/3sticks.ca\/wp-content\/uploads\/2025\/11\/valentin-lacoste-GUdUmJua9cI-unsplash-5-1024x683.jpg\" alt=\"\" class=\"wp-image-1841 size-full\" srcset=\"https:\/\/3sticks.ca\/wp-content\/uploads\/2025\/11\/valentin-lacoste-GUdUmJua9cI-unsplash-5-1024x683.jpg 1024w, https:\/\/3sticks.ca\/wp-content\/uploads\/2025\/11\/valentin-lacoste-GUdUmJua9cI-unsplash-5-300x200.jpg 300w, https:\/\/3sticks.ca\/wp-content\/uploads\/2025\/11\/valentin-lacoste-GUdUmJua9cI-unsplash-5-768x512.jpg 768w, https:\/\/3sticks.ca\/wp-content\/uploads\/2025\/11\/valentin-lacoste-GUdUmJua9cI-unsplash-5-1536x1024.jpg 1536w, https:\/\/3sticks.ca\/wp-content\/uploads\/2025\/11\/valentin-lacoste-GUdUmJua9cI-unsplash-5-2048x1365.jpg 2048w, https:\/\/3sticks.ca\/wp-content\/uploads\/2025\/11\/valentin-lacoste-GUdUmJua9cI-unsplash-5-18x12.jpg 18w, https:\/\/3sticks.ca\/wp-content\/uploads\/2025\/11\/valentin-lacoste-GUdUmJua9cI-unsplash-5-24x16.jpg 24w, https:\/\/3sticks.ca\/wp-content\/uploads\/2025\/11\/valentin-lacoste-GUdUmJua9cI-unsplash-5-36x24.jpg 36w, https:\/\/3sticks.ca\/wp-content\/uploads\/2025\/11\/valentin-lacoste-GUdUmJua9cI-unsplash-5-48x32.jpg 48w, https:\/\/3sticks.ca\/wp-content\/uploads\/2025\/11\/valentin-lacoste-GUdUmJua9cI-unsplash-5-800x533.jpg 800w\" sizes=\"auto, (max-width: 1024px) 100vw, 1024px\" \/><\/figure><div class=\"wp-block-media-text__content\">\n<h2 class=\"wp-block-heading\">Pourquoi Choisir 3STICKS?<\/h2>\n\n\n\n<p style=\"margin-top:0;margin-right:0;margin-bottom:0;margin-left:0;font-size:clamp(14px, 0.875rem + ((1vw - 3.2px) * 0.469), 20px);line-height:1\">Nous combinons la passion de l&#8217;artisanat avec une technologie de pointe pour offrir des r\u00e9sultats qui d\u00e9passent vos attentes.<\/p>\n\n\n\n<p><\/p>\n\n\n\n<h3 class=\"wp-block-heading\">Impression Locale<\/h3>\n\n\n\n<p style=\"margin-top:0;margin-bottom:0\">Un service de proximit\u00e9 ancr\u00e9 dans la Mont\u00e9r\u00e9gie Ouest.<\/p>\n\n\n\n<h3 class=\"wp-block-heading\" style=\"border-style:none;border-width:0px;border-radius:0px;margin-top:0;margin-bottom:0\">Service Rapide<\/h3>\n\n\n\n<p style=\"margin-top:0\">Des d\u00e9lais de production optimis\u00e9s pour vos \u00e9ch\u00e9anciers.<\/p>\n\n\n\n<h3 class=\"wp-block-heading\">Qualit\u00e9 Garantie<\/h3>\n\n\n\n<p>Des mat\u00e9riaux premium pour un r\u00e9sultat impeccable.<\/p>\n\n\n\n<h3 class=\"wp-block-heading\">Cr\u00e9ation Sur Mesure<\/h3>\n\n\n\n<p>Nous donnons vie \u00e0 vos id\u00e9es les plus audacieuses.<\/p>\n<\/div><\/div>","protected":false},"excerpt":{"rendered":"<p>Nos Services: Des solutions cr\u00e9atives et professionnelles pour tous vos projets d&#8217;impression. Pourquoi Choisir 3STICKS? Nous combinons la passion de l&#8217;artisanat avec une technologie de pointe pour offrir des r\u00e9sultats qui d\u00e9passent vos attentes. Impression Locale Un service de proximit\u00e9 ancr\u00e9 dans la Mont\u00e9r\u00e9gie Ouest. Service Rapide Des d\u00e9lais de production optimis\u00e9s pour vos \u00e9ch\u00e9anciers. [&hellip;]<\/p>\n","protected":false},"author":1,"featured_media":0,"parent":0,"menu_order":0,"comment_status":"closed","ping_status":"closed","template":"","meta":{"CBBTypography":[],"footnotes":""},"class_list":["post-66","page","type-page","status-publish","hentry"],"blocksy_meta":{"styles_descriptor":{"styles":{"desktop":"","tablet":"","mobile":""},"google_fonts":[],"version":6}},"_links":{"self":[{"href":"https:\/\/3sticks.ca\/fr\/wp-json\/wp\/v2\/pages\/66","targetHints":{"allow":["GET"]}}],"collection":[{"href":"https:\/\/3sticks.ca\/fr\/wp-json\/wp\/v2\/pages"}],"about":[{"href":"https:\/\/3sticks.ca\/fr\/wp-json\/wp\/v2\/types\/page"}],"author":[{"embeddable":true,"href":"https:\/\/3sticks.ca\/fr\/wp-json\/wp\/v2\/users\/1"}],"replies":[{"embeddable":true,"href":"https:\/\/3sticks.ca\/fr\/wp-json\/wp\/v2\/comments?post=66"}],"version-history":[{"count":198,"href":"https:\/\/3sticks.ca\/fr\/wp-json\/wp\/v2\/pages\/66\/revisions"}],"predecessor-version":[{"id":1909,"href":"https:\/\/3sticks.ca\/fr\/wp-json\/wp\/v2\/pages\/66\/revisions\/1909"}],"wp:attachment":[{"href":"https:\/\/3sticks.ca\/fr\/wp-json\/wp\/v2\/media?parent=66"}],"curies":[{"name":"wp","href":"https:\/\/api.w.org\/{rel}","templated":true}]}}